{"id":84,"date":"2013-03-11T13:03:04","date_gmt":"2013-03-11T13:03:04","guid":{"rendered":"http:\/\/gran-canaria-immobilien.com.w0121ce8.kasserver.com\/?page_id=84"},"modified":"2013-11-12T11:56:09","modified_gmt":"2013-11-12T11:56:09","slug":"gran-canaria","status":"publish","type":"page","link":"https:\/\/www.gran-canaria-immobilien.com\/es\/gran-canaria\/","title":{"rendered":"Gran Canaria"},"content":{"rendered":"<p><\/p>\n<h3 style=\"text-align: justify;\"><img loading=\"lazy\" decoding=\"async\" class=\"alignright size-full wp-image-169\" alt=\"\" src=\"https:\/\/www.gran-canaria-immobilien.com\/wp-content\/uploads\/2013\/03\/grancanaria2.png\" width=\"427\" height=\"594\" srcset=\"https:\/\/www.gran-canaria-immobilien.com\/wp-content\/uploads\/2013\/03\/grancanaria2.png 427w, https:\/\/www.gran-canaria-immobilien.com\/wp-content\/uploads\/2013\/03\/grancanaria2-215x300.png 215w\" sizes=\"auto, (max-width: 427px) 100vw, 427px\" \/>Ein Paradies im S\u00fcden von Europa<\/h3>\n<p style=\"text-align: justify;\">Gran Canaria wird aufgrund des fantastischen Klimas auch gerne die Insel des ewigen Fr\u00fchlings genannt. Auf der Kanareninsel gibt es keine gro\u00dfen Temperaturschwankungen; im Winter wird es nicht zu kalt und im Sommer nicht zu hei\u00df. Es herrscht ein sehr ausgewogenes Klima auf der Insel, die durchschnittlichen Temperaturen liegen ganzj\u00e4hrig zwischen angenehmen 20\u00b0C und 30\u00b0C. Damit geh\u00f6rt die Insel zu den Orten mit den besten klimatischen Verh\u00e4ltnissen der Welt. In diesem Klima f\u00fchlen sich Menschen mit Herz- und Kreislaufleiden oder mit chronischen Erkrankungen der Atmungsorgane wohler als an anderen Orten Europas. Allergiker und Asthmatiker k\u00f6nnen aufatmen, \u00e4ltere Menschen f\u00fchlen sich fitter und aktiver. Doch auch die Sportler finden auf den Kanaren einen Platz, an dem sie ihrem Hobby ganzj\u00e4hrig nachgehen k\u00f6nnen. Ob Golfer, Segler, Surfer oder Wanderer &#8211; Gran Canaria hat f\u00fcr sportliche Menschen jede Menge zu bieten und das rund ums Jahr.<\/p>\n<h3 style=\"text-align: justify;\">Leben, wo andere Urlaub machen<\/h3>\n<p style=\"text-align: justify;\">Viele Menschen aus Nordeuropa entscheiden sich \u00fcber den Winter oder auch auf Dauer ihren Wohnsitz nach Gran Canaria zu verlegen. Die Vorteile liegen auf der Hand. Die Kanaren geh\u00f6ren noch zu Europa und sind mit einem Mittelstreckenflug in wenigen Stunden und kosteng\u00fcnstig zu erreichen. Die Kanarischen Inseln liegen am s\u00fcdlichsten Punkt Europas und bieten ein einzigartiges Klima und zahlreiche Sonnenstunden selbst im Winter. Die \u00e4rztliche Versorgung auf Gran Canaria ist hervorragend und es sind auch keine Impfungen o.\u00e4. notwendig, um auf der Trauminsel unbesorgt Zeit zu verbringen. Die vielen Str\u00e4nde, die atemberaubende Berglandschaft und die zahlreichen Sportangebote machen Gran Canaria zu einem beliebten Urlaubs- und Auswanderungsziel.<\/p>\n<p><\/p>","protected":false},"excerpt":{"rendered":"<p style=\"text-align: justify;\">\u00bfEst\u00e1 planeando unas vacaciones de larga estancia en Gran Canaria? \u00bfO incluso mover por completo en la isla de la eterna primavera? Con INMOBILIARIA Gran Canaria tiene el corredor de propiedades a su lado.<\/p>\n","protected":false},"author":4,"featured_media":177,"parent":0,"menu_order":2,"comment_status":"closed","ping_status":"closed","template":"page-full.php","meta":{"footnotes":"","_links_to":"","_links_to_target":""},"class_list":["post-84","page","type-page","status-publish","has-post-thumbnail","hentry","odd"],"yoast_head":"<!-- This site is optimized with the Yoast SEO plugin v27.5 - https:\/\/yoast.com\/product\/yoast-seo-wordpress\/ -->\n<title>Gran CanariaGran CanariaGran CanariaGran Canaria - Immobilien auf Gran Canaria<\/title>\n<meta name=\"robots\" content=\"index, follow, max-snippet:-1, max-image-preview:large, max-video-preview:-1\" \/>\n<link rel=\"canonical\" href=\"https:\/\/www.gran-canaria-immobilien.com\/it\/gran-canaria\/\" \/>\n<meta property=\"og:locale\" content=\"es_ES\" \/>\n<meta property=\"og:type\" content=\"article\" \/>\n<meta property=\"og:title\" content=\"Gran CanariaGran CanariaGran CanariaGran Canaria - Immobilien auf Gran Canaria\" \/>\n<meta property=\"og:description\" content=\"Sie planen einen Langzeiturlaub auf Gran Canaria? Oder wollen Sie sogar ganz auf die Insel des Ewigen Fr\u00fchlings ziehen? Mit INMOBILIARIA GRAN CANARIA haben Sie den richtigen Immobilien-Makler an Ihrer Seite. Are you planning a long stay holiday in Gran Canaria? Or would you even move completely on the island of eternal spring? With INMOBILIARIA gran canaria you have the right real estate broker on your side.\u00bfEst\u00e1 planeando unas vacaciones de larga estancia en Gran Canaria? \u00bfO incluso mover por completo en la isla de la eterna primavera? Con INMOBILIARIA Gran Canaria tiene el corredor de propiedades a su lado.\" \/>\n<meta property=\"og:url\" content=\"https:\/\/www.gran-canaria-immobilien.com\/it\/gran-canaria\/\" \/>\n<meta property=\"og:site_name\" content=\"Immobilien auf Gran Canaria\" \/>\n<meta property=\"article:modified_time\" content=\"2013-11-12T11:56:09+00:00\" \/>\n<meta property=\"og:image\" content=\"https:\/\/www.gran-canaria-immobilien.com\/wp-content\/uploads\/2013\/03\/slider02.jpg\" \/>\n\t<meta property=\"og:image:width\" content=\"954\" \/>\n\t<meta property=\"og:image:height\" content=\"289\" \/>\n\t<meta property=\"og:image:type\" content=\"image\/jpeg\" \/>\n<meta name=\"twitter:label1\" content=\"Tiempo de lectura\" \/>\n\t<meta name=\"twitter:data1\" content=\"6 minutos\" \/>\n<script type=\"application\/ld+json\" class=\"yoast-schema-graph\">{\"@context\":\"https:\\\/\\\/schema.org\",\"@graph\":[{\"@type\":\"WebPage\",\"@id\":\"https:\\\/\\\/www.gran-canaria-immobilien.com\\\/it\\\/gran-canaria\\\/\",\"url\":\"https:\\\/\\\/www.gran-canaria-immobilien.com\\\/it\\\/gran-canaria\\\/\",\"name\":\"Gran CanariaGran CanariaGran CanariaGran Canaria - Immobilien auf Gran Canaria\",\"isPartOf\":{\"@id\":\"https:\\\/\\\/www.gran-canaria-immobilien.com\\\/#website\"},\"primaryImageOfPage\":{\"@id\":\"https:\\\/\\\/www.gran-canaria-immobilien.com\\\/it\\\/gran-canaria\\\/#primaryimage\"},\"image\":{\"@id\":\"https:\\\/\\\/www.gran-canaria-immobilien.com\\\/it\\\/gran-canaria\\\/#primaryimage\"},\"thumbnailUrl\":\"https:\\\/\\\/www.gran-canaria-immobilien.com\\\/wp-content\\\/uploads\\\/2013\\\/03\\\/slider02.jpg\",\"datePublished\":\"2013-03-11T13:03:04+00:00\",\"dateModified\":\"2013-11-12T11:56:09+00:00\",\"breadcrumb\":{\"@id\":\"https:\\\/\\\/www.gran-canaria-immobilien.com\\\/it\\\/gran-canaria\\\/#breadcrumb\"},\"inLanguage\":\"es\",\"potentialAction\":[{\"@type\":\"ReadAction\",\"target\":[\"https:\\\/\\\/www.gran-canaria-immobilien.com\\\/it\\\/gran-canaria\\\/\"]}]},{\"@type\":\"ImageObject\",\"inLanguage\":\"es\",\"@id\":\"https:\\\/\\\/www.gran-canaria-immobilien.com\\\/it\\\/gran-canaria\\\/#primaryimage\",\"url\":\"https:\\\/\\\/www.gran-canaria-immobilien.com\\\/wp-content\\\/uploads\\\/2013\\\/03\\\/slider02.jpg\",\"contentUrl\":\"https:\\\/\\\/www.gran-canaria-immobilien.com\\\/wp-content\\\/uploads\\\/2013\\\/03\\\/slider02.jpg\",\"width\":954,\"height\":289},{\"@type\":\"BreadcrumbList\",\"@id\":\"https:\\\/\\\/www.gran-canaria-immobilien.com\\\/it\\\/gran-canaria\\\/#breadcrumb\",\"itemListElement\":[{\"@type\":\"ListItem\",\"position\":1,\"name\":\"Startseite\",\"item\":\"https:\\\/\\\/www.gran-canaria-immobilien.com\\\/\"},{\"@type\":\"ListItem\",\"position\":2,\"name\":\"Gran Canaria\"}]},{\"@type\":\"WebSite\",\"@id\":\"https:\\\/\\\/www.gran-canaria-immobilien.com\\\/#website\",\"url\":\"https:\\\/\\\/www.gran-canaria-immobilien.com\\\/\",\"name\":\"Immobilien auf Gran Canaria\",\"description\":\"INMOBILIARIA GRAN CANARIA\",\"potentialAction\":[{\"@type\":\"SearchAction\",\"target\":{\"@type\":\"EntryPoint\",\"urlTemplate\":\"https:\\\/\\\/www.gran-canaria-immobilien.com\\\/?s={search_term_string}\"},\"query-input\":{\"@type\":\"PropertyValueSpecification\",\"valueRequired\":true,\"valueName\":\"search_term_string\"}}],\"inLanguage\":\"es\"}]}<\/script>\n<!-- \/ Yoast SEO plugin. -->","yoast_head_json":{"title":"Gran CanariaGran CanariaGran CanariaGran Canaria - Immobilien auf Gran Canaria","robots":{"index":"index","follow":"follow","max-snippet":"max-snippet:-1","max-image-preview":"max-image-preview:large","max-video-preview":"max-video-preview:-1"},"canonical":"https:\/\/www.gran-canaria-immobilien.com\/it\/gran-canaria\/","og_locale":"es_ES","og_type":"article","og_title":"Gran CanariaGran CanariaGran CanariaGran Canaria - Immobilien auf Gran Canaria","og_description":"Sie planen einen Langzeiturlaub auf Gran Canaria? Oder wollen Sie sogar ganz auf die Insel des Ewigen Fr\u00fchlings ziehen? Mit INMOBILIARIA GRAN CANARIA haben Sie den richtigen Immobilien-Makler an Ihrer Seite. Are you planning a long stay holiday in Gran Canaria? Or would you even move completely on the island of eternal spring? With INMOBILIARIA gran canaria you have the right real estate broker on your side.\u00bfEst\u00e1 planeando unas vacaciones de larga estancia en Gran Canaria? \u00bfO incluso mover por completo en la isla de la eterna primavera? Con INMOBILIARIA Gran Canaria tiene el corredor de propiedades a su lado.","og_url":"https:\/\/www.gran-canaria-immobilien.com\/it\/gran-canaria\/","og_site_name":"Immobilien auf Gran Canaria","article_modified_time":"2013-11-12T11:56:09+00:00","og_image":[{"width":954,"height":289,"url":"https:\/\/www.gran-canaria-immobilien.com\/wp-content\/uploads\/2013\/03\/slider02.jpg","type":"image\/jpeg"}],"twitter_misc":{"Tiempo de lectura":"6 minutos"},"schema":{"@context":"https:\/\/schema.org","@graph":[{"@type":"WebPage","@id":"https:\/\/www.gran-canaria-immobilien.com\/it\/gran-canaria\/","url":"https:\/\/www.gran-canaria-immobilien.com\/it\/gran-canaria\/","name":"Gran CanariaGran CanariaGran CanariaGran Canaria - Immobilien auf Gran Canaria","isPartOf":{"@id":"https:\/\/www.gran-canaria-immobilien.com\/#website"},"primaryImageOfPage":{"@id":"https:\/\/www.gran-canaria-immobilien.com\/it\/gran-canaria\/#primaryimage"},"image":{"@id":"https:\/\/www.gran-canaria-immobilien.com\/it\/gran-canaria\/#primaryimage"},"thumbnailUrl":"https:\/\/www.gran-canaria-immobilien.com\/wp-content\/uploads\/2013\/03\/slider02.jpg","datePublished":"2013-03-11T13:03:04+00:00","dateModified":"2013-11-12T11:56:09+00:00","breadcrumb":{"@id":"https:\/\/www.gran-canaria-immobilien.com\/it\/gran-canaria\/#breadcrumb"},"inLanguage":"es","potentialAction":[{"@type":"ReadAction","target":["https:\/\/www.gran-canaria-immobilien.com\/it\/gran-canaria\/"]}]},{"@type":"ImageObject","inLanguage":"es","@id":"https:\/\/www.gran-canaria-immobilien.com\/it\/gran-canaria\/#primaryimage","url":"https:\/\/www.gran-canaria-immobilien.com\/wp-content\/uploads\/2013\/03\/slider02.jpg","contentUrl":"https:\/\/www.gran-canaria-immobilien.com\/wp-content\/uploads\/2013\/03\/slider02.jpg","width":954,"height":289},{"@type":"BreadcrumbList","@id":"https:\/\/www.gran-canaria-immobilien.com\/it\/gran-canaria\/#breadcrumb","itemListElement":[{"@type":"ListItem","position":1,"name":"Startseite","item":"https:\/\/www.gran-canaria-immobilien.com\/"},{"@type":"ListItem","position":2,"name":"Gran Canaria"}]},{"@type":"WebSite","@id":"https:\/\/www.gran-canaria-immobilien.com\/#website","url":"https:\/\/www.gran-canaria-immobilien.com\/","name":"Immobilien auf Gran Canaria","description":"INMOBILIARIA GRAN CANARIA","potentialAction":[{"@type":"SearchAction","target":{"@type":"EntryPoint","urlTemplate":"https:\/\/www.gran-canaria-immobilien.com\/?s={search_term_string}"},"query-input":{"@type":"PropertyValueSpecification","valueRequired":true,"valueName":"search_term_string"}}],"inLanguage":"es"}]}},"_links":{"self":[{"href":"https:\/\/www.gran-canaria-immobilien.com\/es\/wp-json\/wp\/v2\/pages\/84","targetHints":{"allow":["GET"]}}],"collection":[{"href":"https:\/\/www.gran-canaria-immobilien.com\/es\/wp-json\/wp\/v2\/pages"}],"about":[{"href":"https:\/\/www.gran-canaria-immobilien.com\/es\/wp-json\/wp\/v2\/types\/page"}],"author":[{"embeddable":true,"href":"https:\/\/www.gran-canaria-immobilien.com\/es\/wp-json\/wp\/v2\/users\/4"}],"replies":[{"embeddable":true,"href":"https:\/\/www.gran-canaria-immobilien.com\/es\/wp-json\/wp\/v2\/comments?post=84"}],"version-history":[{"count":3,"href":"https:\/\/www.gran-canaria-immobilien.com\/es\/wp-json\/wp\/v2\/pages\/84\/revisions"}],"predecessor-version":[{"id":159,"href":"https:\/\/www.gran-canaria-immobilien.com\/es\/wp-json\/wp\/v2\/pages\/84\/revisions\/159"}],"wp:featuredmedia":[{"embeddable":true,"href":"https:\/\/www.gran-canaria-immobilien.com\/es\/wp-json\/wp\/v2\/media\/177"}],"wp:attachment":[{"href":"https:\/\/www.gran-canaria-immobilien.com\/es\/wp-json\/wp\/v2\/media?parent=84"}],"curies":[{"name":"wp","href":"https:\/\/api.w.org\/{rel}","templated":true}]}}