{"id":87,"date":"2013-03-11T13:05:34","date_gmt":"2013-03-11T13:05:34","guid":{"rendered":"http:\/\/gran-canaria-immobilien.com.w0121ce8.kasserver.com\/?page_id=87"},"modified":"2013-11-12T11:35:08","modified_gmt":"2013-11-12T11:35:08","slug":"uber-uns","status":"publish","type":"page","link":"https:\/\/www.gran-canaria-immobilien.com\/es\/uber-uns\/","title":{"rendered":"Quienes somos"},"content":{"rendered":"<p><\/p>\n<p style=\"text-align: justify;\"><img loading=\"lazy\" decoding=\"async\" class=\"alignright size-full wp-image-154\" alt=\"\" src=\"https:\/\/www.gran-canaria-immobilien.com\/wp-content\/uploads\/2013\/03\/about1.png\" width=\"427\" height=\"750\" srcset=\"https:\/\/www.gran-canaria-immobilien.com\/wp-content\/uploads\/2013\/03\/about1.png 427w, https:\/\/www.gran-canaria-immobilien.com\/wp-content\/uploads\/2013\/03\/about1-170x300.png 170w\" sizes=\"auto, (max-width: 427px) 100vw, 427px\" \/>Hace mucho tiempo que llevamos en el sector inmobiliario. La llave de nuestro \u00e9xito depende de mucho factores:<\/p>\n<h3>Nuestros servicios:<\/h3>\n<ul>\n<li>Fiabilidad<\/li>\n<li>Sinceridad<\/li>\n<li>Conocimiento del mercado<\/li>\n<li>Listado de proveedores<\/li>\n<li>Conocimiento profesional<\/li>\n<li>Capacidad de negociaci\u00f3n<\/li>\n<\/ul>\n<p>Nos encanta trabajar en equipo. Nuestro \u00e9xito es su satisfacci\u00f3n. Nosotros somos mediadores entre comprador y vendedor, entre arrendatario e inquilino, propietarios y empresas de servicios. Nosotros asesoramos, planificamos y construimos para usted. Nos quedamos satisfechos tan solo cuando hayan encontrado lo que buscan. Solo entonces sabremos que hemos hecho un buen trabajo. La satisfacci\u00f3n de nuestro cliente es lo primero.<\/p>\n<p>Para llegar a nuestro objetivo es muy importante tener una buena comunicaci\u00f3n, nuestro equipo habla espa\u00f1ol, alem\u00e1n, ingles, italiano y ruso. Solo as\u00ed podemos asegurar un buen entendimiento con nuestro cliente y los desarrollos de su deseos.<\/p>","protected":false},"excerpt":{"rendered":"<p>Hace mucho tiempo que llevamos en el sector inmobiliario. La llave de nuestro \u00e9xito depende de mucho factores: Nuestros servicios: Fiabilidad Sinceridad Conocimiento del mercado Listado de proveedores Conocimiento profesional &#8230;<\/p>\n","protected":false},"author":4,"featured_media":0,"parent":0,"menu_order":0,"comment_status":"closed","ping_status":"closed","template":"page-full.php","meta":{"footnotes":"","_links_to":"","_links_to_target":""},"class_list":["post-87","page","type-page","status-publish","hentry","odd"],"yoast_head":"<!-- This site is optimized with the Yoast SEO plugin v27.6 - https:\/\/yoast.com\/product\/yoast-seo-wordpress\/ -->\n<title>\u00dcber unsAbout usQuienes somos Chi siamo - Immobilien auf Gran Canaria<\/title>\n<meta name=\"robots\" content=\"index, follow, max-snippet:-1, max-image-preview:large, max-video-preview:-1\" \/>\n<link rel=\"canonical\" href=\"https:\/\/www.gran-canaria-immobilien.com\/en\/uber-uns\/\" \/>\n<meta property=\"og:locale\" content=\"es_ES\" \/>\n<meta property=\"og:type\" content=\"article\" \/>\n<meta property=\"og:title\" content=\"\u00dcber unsAbout usQuienes somos Chi siamo - Immobilien auf Gran Canaria\" \/>\n<meta property=\"og:description\" content=\"Hace mucho tiempo que llevamos en el sector inmobiliario. La llave de nuestro \u00e9xito depende de mucho factores: Nuestros servicios: Fiabilidad Sinceridad Conocimiento del mercado Listado de proveedores Conocimiento profesional ...\" \/>\n<meta property=\"og:url\" content=\"https:\/\/www.gran-canaria-immobilien.com\/en\/uber-uns\/\" \/>\n<meta property=\"og:site_name\" content=\"Immobilien auf Gran Canaria\" \/>\n<meta property=\"article:modified_time\" content=\"2013-11-12T11:35:08+00:00\" \/>\n<meta property=\"og:image\" content=\"https:\/\/www.gran-canaria-immobilien.com\/wp-content\/uploads\/2013\/03\/about1.png\" \/>\n<meta name=\"twitter:label1\" content=\"Tiempo de lectura\" \/>\n\t<meta name=\"twitter:data1\" content=\"4 minutos\" \/>\n<script type=\"application\/ld+json\" class=\"yoast-schema-graph\">{\"@context\":\"https:\\\/\\\/schema.org\",\"@graph\":[{\"@type\":\"WebPage\",\"@id\":\"https:\\\/\\\/www.gran-canaria-immobilien.com\\\/en\\\/uber-uns\\\/\",\"url\":\"https:\\\/\\\/www.gran-canaria-immobilien.com\\\/en\\\/uber-uns\\\/\",\"name\":\"\u00dcber unsAbout usQuienes somos Chi siamo - Immobilien auf Gran Canaria\",\"isPartOf\":{\"@id\":\"https:\\\/\\\/www.gran-canaria-immobilien.com\\\/#website\"},\"primaryImageOfPage\":{\"@id\":\"https:\\\/\\\/www.gran-canaria-immobilien.com\\\/en\\\/uber-uns\\\/#primaryimage\"},\"image\":{\"@id\":\"https:\\\/\\\/www.gran-canaria-immobilien.com\\\/en\\\/uber-uns\\\/#primaryimage\"},\"thumbnailUrl\":\"https:\\\/\\\/www.gran-canaria-immobilien.com\\\/wp-content\\\/uploads\\\/2013\\\/03\\\/about1.png\",\"datePublished\":\"2013-03-11T13:05:34+00:00\",\"dateModified\":\"2013-11-12T11:35:08+00:00\",\"breadcrumb\":{\"@id\":\"https:\\\/\\\/www.gran-canaria-immobilien.com\\\/en\\\/uber-uns\\\/#breadcrumb\"},\"inLanguage\":\"es\",\"potentialAction\":[{\"@type\":\"ReadAction\",\"target\":[\"https:\\\/\\\/www.gran-canaria-immobilien.com\\\/en\\\/uber-uns\\\/\"]}]},{\"@type\":\"ImageObject\",\"inLanguage\":\"es\",\"@id\":\"https:\\\/\\\/www.gran-canaria-immobilien.com\\\/en\\\/uber-uns\\\/#primaryimage\",\"url\":\"https:\\\/\\\/www.gran-canaria-immobilien.com\\\/wp-content\\\/uploads\\\/2013\\\/03\\\/about1.png\",\"contentUrl\":\"https:\\\/\\\/www.gran-canaria-immobilien.com\\\/wp-content\\\/uploads\\\/2013\\\/03\\\/about1.png\"},{\"@type\":\"BreadcrumbList\",\"@id\":\"https:\\\/\\\/www.gran-canaria-immobilien.com\\\/en\\\/uber-uns\\\/#breadcrumb\",\"itemListElement\":[{\"@type\":\"ListItem\",\"position\":1,\"name\":\"Startseite\",\"item\":\"https:\\\/\\\/www.gran-canaria-immobilien.com\\\/\"},{\"@type\":\"ListItem\",\"position\":2,\"name\":\"About us\"}]},{\"@type\":\"WebSite\",\"@id\":\"https:\\\/\\\/www.gran-canaria-immobilien.com\\\/#website\",\"url\":\"https:\\\/\\\/www.gran-canaria-immobilien.com\\\/\",\"name\":\"Immobilien auf Gran Canaria\",\"description\":\"INMOBILIARIA GRAN CANARIA\",\"potentialAction\":[{\"@type\":\"SearchAction\",\"target\":{\"@type\":\"EntryPoint\",\"urlTemplate\":\"https:\\\/\\\/www.gran-canaria-immobilien.com\\\/?s={search_term_string}\"},\"query-input\":{\"@type\":\"PropertyValueSpecification\",\"valueRequired\":true,\"valueName\":\"search_term_string\"}}],\"inLanguage\":\"es\"}]}<\/script>\n<!-- \/ Yoast SEO plugin. -->","yoast_head_json":{"title":"\u00dcber unsAbout usQuienes somos Chi siamo - Immobilien auf Gran Canaria","robots":{"index":"index","follow":"follow","max-snippet":"max-snippet:-1","max-image-preview":"max-image-preview:large","max-video-preview":"max-video-preview:-1"},"canonical":"https:\/\/www.gran-canaria-immobilien.com\/en\/uber-uns\/","og_locale":"es_ES","og_type":"article","og_title":"\u00dcber unsAbout usQuienes somos Chi siamo - Immobilien auf Gran Canaria","og_description":"Hace mucho tiempo que llevamos en el sector inmobiliario. La llave de nuestro \u00e9xito depende de mucho factores: Nuestros servicios: Fiabilidad Sinceridad Conocimiento del mercado Listado de proveedores Conocimiento profesional ...","og_url":"https:\/\/www.gran-canaria-immobilien.com\/en\/uber-uns\/","og_site_name":"Immobilien auf Gran Canaria","article_modified_time":"2013-11-12T11:35:08+00:00","og_image":[{"url":"https:\/\/www.gran-canaria-immobilien.com\/wp-content\/uploads\/2013\/03\/about1.png","type":"","width":"","height":""}],"twitter_misc":{"Tiempo de lectura":"4 minutos"},"schema":{"@context":"https:\/\/schema.org","@graph":[{"@type":"WebPage","@id":"https:\/\/www.gran-canaria-immobilien.com\/en\/uber-uns\/","url":"https:\/\/www.gran-canaria-immobilien.com\/en\/uber-uns\/","name":"\u00dcber unsAbout usQuienes somos Chi siamo - Immobilien auf Gran Canaria","isPartOf":{"@id":"https:\/\/www.gran-canaria-immobilien.com\/#website"},"primaryImageOfPage":{"@id":"https:\/\/www.gran-canaria-immobilien.com\/en\/uber-uns\/#primaryimage"},"image":{"@id":"https:\/\/www.gran-canaria-immobilien.com\/en\/uber-uns\/#primaryimage"},"thumbnailUrl":"https:\/\/www.gran-canaria-immobilien.com\/wp-content\/uploads\/2013\/03\/about1.png","datePublished":"2013-03-11T13:05:34+00:00","dateModified":"2013-11-12T11:35:08+00:00","breadcrumb":{"@id":"https:\/\/www.gran-canaria-immobilien.com\/en\/uber-uns\/#breadcrumb"},"inLanguage":"es","potentialAction":[{"@type":"ReadAction","target":["https:\/\/www.gran-canaria-immobilien.com\/en\/uber-uns\/"]}]},{"@type":"ImageObject","inLanguage":"es","@id":"https:\/\/www.gran-canaria-immobilien.com\/en\/uber-uns\/#primaryimage","url":"https:\/\/www.gran-canaria-immobilien.com\/wp-content\/uploads\/2013\/03\/about1.png","contentUrl":"https:\/\/www.gran-canaria-immobilien.com\/wp-content\/uploads\/2013\/03\/about1.png"},{"@type":"BreadcrumbList","@id":"https:\/\/www.gran-canaria-immobilien.com\/en\/uber-uns\/#breadcrumb","itemListElement":[{"@type":"ListItem","position":1,"name":"Startseite","item":"https:\/\/www.gran-canaria-immobilien.com\/"},{"@type":"ListItem","position":2,"name":"About us"}]},{"@type":"WebSite","@id":"https:\/\/www.gran-canaria-immobilien.com\/#website","url":"https:\/\/www.gran-canaria-immobilien.com\/","name":"Immobilien auf Gran Canaria","description":"INMOBILIARIA GRAN CANARIA","potentialAction":[{"@type":"SearchAction","target":{"@type":"EntryPoint","urlTemplate":"https:\/\/www.gran-canaria-immobilien.com\/?s={search_term_string}"},"query-input":{"@type":"PropertyValueSpecification","valueRequired":true,"valueName":"search_term_string"}}],"inLanguage":"es"}]}},"_links":{"self":[{"href":"https:\/\/www.gran-canaria-immobilien.com\/es\/wp-json\/wp\/v2\/pages\/87","targetHints":{"allow":["GET"]}}],"collection":[{"href":"https:\/\/www.gran-canaria-immobilien.com\/es\/wp-json\/wp\/v2\/pages"}],"about":[{"href":"https:\/\/www.gran-canaria-immobilien.com\/es\/wp-json\/wp\/v2\/types\/page"}],"author":[{"embeddable":true,"href":"https:\/\/www.gran-canaria-immobilien.com\/es\/wp-json\/wp\/v2\/users\/4"}],"replies":[{"embeddable":true,"href":"https:\/\/www.gran-canaria-immobilien.com\/es\/wp-json\/wp\/v2\/comments?post=87"}],"version-history":[{"count":6,"href":"https:\/\/www.gran-canaria-immobilien.com\/es\/wp-json\/wp\/v2\/pages\/87\/revisions"}],"predecessor-version":[{"id":151,"href":"https:\/\/www.gran-canaria-immobilien.com\/es\/wp-json\/wp\/v2\/pages\/87\/revisions\/151"}],"wp:attachment":[{"href":"https:\/\/www.gran-canaria-immobilien.com\/es\/wp-json\/wp\/v2\/media?parent=87"}],"curies":[{"name":"wp","href":"https:\/\/api.w.org\/{rel}","templated":true}]}}