{"id":84,"date":"2013-03-11T13:03:04","date_gmt":"2013-03-11T13:03:04","guid":{"rendered":"http:\/\/gran-canaria-immobilien.com.w0121ce8.kasserver.com\/?page_id=84"},"modified":"2013-11-12T11:56:09","modified_gmt":"2013-11-12T11:56:09","slug":"gran-canaria","status":"publish","type":"page","link":"https:\/\/www.gran-canaria-immobilien.com\/it\/gran-canaria\/","title":{"rendered":"Gran Canaria"},"content":{"rendered":"<p><\/p>\n<h3 style=\"text-align: justify;\"><img loading=\"lazy\" decoding=\"async\" class=\"alignright size-full wp-image-169\" alt=\"\" src=\"https:\/\/www.gran-canaria-immobilien.com\/wp-content\/uploads\/2013\/03\/grancanaria2.png\" width=\"427\" height=\"594\" srcset=\"https:\/\/www.gran-canaria-immobilien.com\/wp-content\/uploads\/2013\/03\/grancanaria2.png 427w, https:\/\/www.gran-canaria-immobilien.com\/wp-content\/uploads\/2013\/03\/grancanaria2-215x300.png 215w\" sizes=\"auto, (max-width: 427px) 100vw, 427px\" \/>Un paradiso a sud dell&#8217; Europa.<\/h3>\n<p style=\"text-align: justify;\">Gran Canaria \u00e8 un piccolo continente in miniatura. Un\u2019isola vicina all\u2019Europa, con un\u2019incredibile variet\u00e0 di spiagge, paesaggi e microclimi. Quasi 60 chilometri di spiagge s\u2019estendono lungo i 236 chilometri di costa, riscaldati dal dolce sole che sembra abbia deciso di fermarsi qui a vivere.Le temperature non vanno quasi mai sotto i 20  e i 32 gradi massimo. Puoi praticare tutti i tipi di sport, perch\u00e9 sembra fatta su misura per gli sportivi: con un mare di possibilit\u00e0. 8 campi da golf, surf, tennis, Mountainbike? \u00c8 il rifugio preferito da surfisti e surfiste, appassionati del windsurf, kitesurf, delle immersioni e della barca a vela.<\/p>\n<h3 style=\"text-align: justify;\">Vivere dove gli altri vacanza<\/h3>\n<p style=\"text-align: justify;\">A Gran Canaria ci sono spiagge per tutti i gusti. Ormai da generazioni sono una calamita che attrae turisti da ogni punto del mondo. Ci sono spiagge molto rinomate e frequentate, come la lunga lingua di sabbia di Maspalomas, un\u2019enorme area di sabbia dorata che parte da Playa del Ingl\u00e9s e arriva fino al gran faro di Maspalomas, costeggiando un deserto di dune che bagna la costa sud dell\u2019isola.<br \/>\nAnche nel sud si trovano tante spiagge, a partire da quelle tranquille, ideali per le famiglie, come San Agust\u00edn, la spiaggia di Amadores e la piccola spiaggia di Puerto de Mog\u00e1n, fino a quelle pi\u00f9 movimentate del classico centro turistico di Puerto Rico, uno dei luoghi con il miglior clima di tutta la Spagna. Chi sceglie Gran Canaria trova una garanzia, una destinazione tradizionale con tutti i servizi possibili ed immaginabili, dove ogni anno ritornano migliaia di europei. Vieni a vivere in  un paradiso dove altri passano le loro vacanze.<\/p>\n<p>Vi aspettiamo nell\u2019isola di Gran Canaria!<\/p>\n<p><\/p>","protected":false},"excerpt":{"rendered":"<p style=\"text-align: justify;\">\n","protected":false},"author":4,"featured_media":177,"parent":0,"menu_order":2,"comment_status":"closed","ping_status":"closed","template":"page-full.php","meta":{"footnotes":"","_links_to":"","_links_to_target":""},"class_list":["post-84","page","type-page","status-publish","has-post-thumbnail","hentry","odd"],"yoast_head":"<!-- This site is optimized with the Yoast SEO plugin v27.3 - https:\/\/yoast.com\/product\/yoast-seo-wordpress\/ -->\n<title>Gran CanariaGran CanariaGran CanariaGran Canaria - Immobilien auf Gran Canaria<\/title>\n<meta name=\"robots\" content=\"index, follow, max-snippet:-1, max-image-preview:large, max-video-preview:-1\" \/>\n<link rel=\"canonical\" href=\"https:\/\/www.gran-canaria-immobilien.com\/it\/gran-canaria\/\" \/>\n<meta property=\"og:locale\" content=\"it_IT\" \/>\n<meta property=\"og:type\" content=\"article\" \/>\n<meta property=\"og:title\" content=\"Gran CanariaGran CanariaGran CanariaGran Canaria - Immobilien auf Gran Canaria\" \/>\n<meta property=\"og:description\" content=\"Sie planen einen Langzeiturlaub auf Gran Canaria? Oder wollen Sie sogar ganz auf die Insel des Ewigen Fr\u00fchlings ziehen? Mit INMOBILIARIA GRAN CANARIA haben Sie den richtigen Immobilien-Makler an Ihrer Seite. Are you planning a long stay holiday in Gran Canaria? Or would you even move completely on the island of eternal spring? With INMOBILIARIA gran canaria you have the right real estate broker on your side.\u00bfEst\u00e1 planeando unas vacaciones de larga estancia en Gran Canaria? \u00bfO incluso mover por completo en la isla de la eterna primavera? Con INMOBILIARIA Gran Canaria tiene el corredor de propiedades a su lado.\" \/>\n<meta property=\"og:url\" content=\"https:\/\/www.gran-canaria-immobilien.com\/it\/gran-canaria\/\" \/>\n<meta property=\"og:site_name\" content=\"Immobilien auf Gran Canaria\" \/>\n<meta property=\"article:modified_time\" content=\"2013-11-12T11:56:09+00:00\" \/>\n<meta property=\"og:image\" content=\"https:\/\/www.gran-canaria-immobilien.com\/wp-content\/uploads\/2013\/03\/slider02.jpg\" \/>\n\t<meta property=\"og:image:width\" content=\"954\" \/>\n\t<meta property=\"og:image:height\" content=\"289\" \/>\n\t<meta property=\"og:image:type\" content=\"image\/jpeg\" \/>\n<meta name=\"twitter:label1\" content=\"Tempo di lettura stimato\" \/>\n\t<meta name=\"twitter:data1\" content=\"6 minuti\" \/>\n<script type=\"application\/ld+json\" class=\"yoast-schema-graph\">{\"@context\":\"https:\\\/\\\/schema.org\",\"@graph\":[{\"@type\":\"WebPage\",\"@id\":\"https:\\\/\\\/www.gran-canaria-immobilien.com\\\/it\\\/gran-canaria\\\/\",\"url\":\"https:\\\/\\\/www.gran-canaria-immobilien.com\\\/it\\\/gran-canaria\\\/\",\"name\":\"Gran CanariaGran CanariaGran CanariaGran Canaria - Immobilien auf Gran Canaria\",\"isPartOf\":{\"@id\":\"https:\\\/\\\/www.gran-canaria-immobilien.com\\\/#website\"},\"primaryImageOfPage\":{\"@id\":\"https:\\\/\\\/www.gran-canaria-immobilien.com\\\/it\\\/gran-canaria\\\/#primaryimage\"},\"image\":{\"@id\":\"https:\\\/\\\/www.gran-canaria-immobilien.com\\\/it\\\/gran-canaria\\\/#primaryimage\"},\"thumbnailUrl\":\"https:\\\/\\\/www.gran-canaria-immobilien.com\\\/wp-content\\\/uploads\\\/2013\\\/03\\\/slider02.jpg\",\"datePublished\":\"2013-03-11T13:03:04+00:00\",\"dateModified\":\"2013-11-12T11:56:09+00:00\",\"breadcrumb\":{\"@id\":\"https:\\\/\\\/www.gran-canaria-immobilien.com\\\/it\\\/gran-canaria\\\/#breadcrumb\"},\"inLanguage\":\"it-IT\",\"potentialAction\":[{\"@type\":\"ReadAction\",\"target\":[\"https:\\\/\\\/www.gran-canaria-immobilien.com\\\/it\\\/gran-canaria\\\/\"]}]},{\"@type\":\"ImageObject\",\"inLanguage\":\"it-IT\",\"@id\":\"https:\\\/\\\/www.gran-canaria-immobilien.com\\\/it\\\/gran-canaria\\\/#primaryimage\",\"url\":\"https:\\\/\\\/www.gran-canaria-immobilien.com\\\/wp-content\\\/uploads\\\/2013\\\/03\\\/slider02.jpg\",\"contentUrl\":\"https:\\\/\\\/www.gran-canaria-immobilien.com\\\/wp-content\\\/uploads\\\/2013\\\/03\\\/slider02.jpg\",\"width\":954,\"height\":289},{\"@type\":\"BreadcrumbList\",\"@id\":\"https:\\\/\\\/www.gran-canaria-immobilien.com\\\/it\\\/gran-canaria\\\/#breadcrumb\",\"itemListElement\":[{\"@type\":\"ListItem\",\"position\":1,\"name\":\"Startseite\",\"item\":\"https:\\\/\\\/www.gran-canaria-immobilien.com\\\/\"},{\"@type\":\"ListItem\",\"position\":2,\"name\":\"Gran Canaria\"}]},{\"@type\":\"WebSite\",\"@id\":\"https:\\\/\\\/www.gran-canaria-immobilien.com\\\/#website\",\"url\":\"https:\\\/\\\/www.gran-canaria-immobilien.com\\\/\",\"name\":\"Immobilien auf Gran Canaria\",\"description\":\"INMOBILIARIA GRAN CANARIA\",\"potentialAction\":[{\"@type\":\"SearchAction\",\"target\":{\"@type\":\"EntryPoint\",\"urlTemplate\":\"https:\\\/\\\/www.gran-canaria-immobilien.com\\\/?s={search_term_string}\"},\"query-input\":{\"@type\":\"PropertyValueSpecification\",\"valueRequired\":true,\"valueName\":\"search_term_string\"}}],\"inLanguage\":\"it-IT\"}]}<\/script>\n<!-- \/ Yoast SEO plugin. -->","yoast_head_json":{"title":"Gran CanariaGran CanariaGran CanariaGran Canaria - Immobilien auf Gran Canaria","robots":{"index":"index","follow":"follow","max-snippet":"max-snippet:-1","max-image-preview":"max-image-preview:large","max-video-preview":"max-video-preview:-1"},"canonical":"https:\/\/www.gran-canaria-immobilien.com\/it\/gran-canaria\/","og_locale":"it_IT","og_type":"article","og_title":"Gran CanariaGran CanariaGran CanariaGran Canaria - Immobilien auf Gran Canaria","og_description":"Sie planen einen Langzeiturlaub auf Gran Canaria? Oder wollen Sie sogar ganz auf die Insel des Ewigen Fr\u00fchlings ziehen? Mit INMOBILIARIA GRAN CANARIA haben Sie den richtigen Immobilien-Makler an Ihrer Seite. Are you planning a long stay holiday in Gran Canaria? Or would you even move completely on the island of eternal spring? With INMOBILIARIA gran canaria you have the right real estate broker on your side.\u00bfEst\u00e1 planeando unas vacaciones de larga estancia en Gran Canaria? \u00bfO incluso mover por completo en la isla de la eterna primavera? Con INMOBILIARIA Gran Canaria tiene el corredor de propiedades a su lado.","og_url":"https:\/\/www.gran-canaria-immobilien.com\/it\/gran-canaria\/","og_site_name":"Immobilien auf Gran Canaria","article_modified_time":"2013-11-12T11:56:09+00:00","og_image":[{"width":954,"height":289,"url":"https:\/\/www.gran-canaria-immobilien.com\/wp-content\/uploads\/2013\/03\/slider02.jpg","type":"image\/jpeg"}],"twitter_misc":{"Tempo di lettura stimato":"6 minuti"},"schema":{"@context":"https:\/\/schema.org","@graph":[{"@type":"WebPage","@id":"https:\/\/www.gran-canaria-immobilien.com\/it\/gran-canaria\/","url":"https:\/\/www.gran-canaria-immobilien.com\/it\/gran-canaria\/","name":"Gran CanariaGran CanariaGran CanariaGran Canaria - Immobilien auf Gran Canaria","isPartOf":{"@id":"https:\/\/www.gran-canaria-immobilien.com\/#website"},"primaryImageOfPage":{"@id":"https:\/\/www.gran-canaria-immobilien.com\/it\/gran-canaria\/#primaryimage"},"image":{"@id":"https:\/\/www.gran-canaria-immobilien.com\/it\/gran-canaria\/#primaryimage"},"thumbnailUrl":"https:\/\/www.gran-canaria-immobilien.com\/wp-content\/uploads\/2013\/03\/slider02.jpg","datePublished":"2013-03-11T13:03:04+00:00","dateModified":"2013-11-12T11:56:09+00:00","breadcrumb":{"@id":"https:\/\/www.gran-canaria-immobilien.com\/it\/gran-canaria\/#breadcrumb"},"inLanguage":"it-IT","potentialAction":[{"@type":"ReadAction","target":["https:\/\/www.gran-canaria-immobilien.com\/it\/gran-canaria\/"]}]},{"@type":"ImageObject","inLanguage":"it-IT","@id":"https:\/\/www.gran-canaria-immobilien.com\/it\/gran-canaria\/#primaryimage","url":"https:\/\/www.gran-canaria-immobilien.com\/wp-content\/uploads\/2013\/03\/slider02.jpg","contentUrl":"https:\/\/www.gran-canaria-immobilien.com\/wp-content\/uploads\/2013\/03\/slider02.jpg","width":954,"height":289},{"@type":"BreadcrumbList","@id":"https:\/\/www.gran-canaria-immobilien.com\/it\/gran-canaria\/#breadcrumb","itemListElement":[{"@type":"ListItem","position":1,"name":"Startseite","item":"https:\/\/www.gran-canaria-immobilien.com\/"},{"@type":"ListItem","position":2,"name":"Gran Canaria"}]},{"@type":"WebSite","@id":"https:\/\/www.gran-canaria-immobilien.com\/#website","url":"https:\/\/www.gran-canaria-immobilien.com\/","name":"Immobilien auf Gran Canaria","description":"INMOBILIARIA GRAN CANARIA","potentialAction":[{"@type":"SearchAction","target":{"@type":"EntryPoint","urlTemplate":"https:\/\/www.gran-canaria-immobilien.com\/?s={search_term_string}"},"query-input":{"@type":"PropertyValueSpecification","valueRequired":true,"valueName":"search_term_string"}}],"inLanguage":"it-IT"}]}},"_links":{"self":[{"href":"https:\/\/www.gran-canaria-immobilien.com\/it\/wp-json\/wp\/v2\/pages\/84","targetHints":{"allow":["GET"]}}],"collection":[{"href":"https:\/\/www.gran-canaria-immobilien.com\/it\/wp-json\/wp\/v2\/pages"}],"about":[{"href":"https:\/\/www.gran-canaria-immobilien.com\/it\/wp-json\/wp\/v2\/types\/page"}],"author":[{"embeddable":true,"href":"https:\/\/www.gran-canaria-immobilien.com\/it\/wp-json\/wp\/v2\/users\/4"}],"replies":[{"embeddable":true,"href":"https:\/\/www.gran-canaria-immobilien.com\/it\/wp-json\/wp\/v2\/comments?post=84"}],"version-history":[{"count":1,"href":"https:\/\/www.gran-canaria-immobilien.com\/it\/wp-json\/wp\/v2\/pages\/84\/revisions"}],"predecessor-version":[{"id":159,"href":"https:\/\/www.gran-canaria-immobilien.com\/it\/wp-json\/wp\/v2\/pages\/84\/revisions\/159"}],"wp:featuredmedia":[{"embeddable":true,"href":"https:\/\/www.gran-canaria-immobilien.com\/it\/wp-json\/wp\/v2\/media\/177"}],"wp:attachment":[{"href":"https:\/\/www.gran-canaria-immobilien.com\/it\/wp-json\/wp\/v2\/media?parent=84"}],"curies":[{"name":"wp","href":"https:\/\/api.w.org\/{rel}","templated":true}]}}